{"id":5985,"date":"2025-08-23T10:58:16","date_gmt":"2025-08-23T10:58:16","guid":{"rendered":"https:\/\/www.homensdebarro.com.br\/?page_id=5985"},"modified":"2025-09-15T18:34:19","modified_gmt":"2025-09-15T18:34:19","slug":"pagina-inicial2","status":"publish","type":"page","link":"http:\/\/www.homensdebarro.com.br\/","title":{"rendered":"P\u00e1gina Inicial2"},"content":{"rendered":"\t\t<div data-elementor-type=\"wp-page\" data-elementor-id=\"5985\" class=\"elementor elementor-5985\" data-elementor-post-type=\"page\">\n\t\t\t\t<div class=\"elementor-element elementor-element-3feca21 e-con-full elementor-hidden-desktop e-flex e-con e-parent \" data-id=\"3feca21\" data-element_type=\"container\" data-settings=\"{&quot;background_background&quot;:&quot;classic&quot;}\">\t\t<div class=\"elementor-element elementor-element-adb200d elementor-widget elementor-widget-image\" data-id=\"adb200d\" data-element_type=\"widget\" data-widget_type=\"image.default\">\n\t\t\t\t\t\t\t\t\t\t\t\t\t\t\t\t<a href=\"https:\/\/www.homensdebarro.com.br\/?page_id=6274\">\n\t\t\t\t\t\t\t<img fetchpriority=\"high\" decoding=\"async\" width=\"662\" height=\"1024\" src=\"https:\/\/www.homensdebarro.com.br\/wp-content\/uploads\/2025\/08\/banner3-662x1024.jpg\" class=\"attachment-large size-large wp-image-6088\" alt=\"\" srcset=\"https:\/\/www.homensdebarro.com.br\/wp-content\/uploads\/2025\/08\/banner3-662x1024.jpg 662w, https:\/\/www.homensdebarro.com.br\/wp-content\/uploads\/2025\/08\/banner3-194x300.jpg 194w, https:\/\/www.homensdebarro.com.br\/wp-content\/uploads\/2025\/08\/banner3-768x1187.jpg 768w, https:\/\/www.homensdebarro.com.br\/wp-content\/uploads\/2025\/08\/banner3-994x1536.jpg 994w, https:\/\/www.homensdebarro.com.br\/wp-content\/uploads\/2025\/08\/banner3-459x710.jpg 459w, https:\/\/www.homensdebarro.com.br\/wp-content\/uploads\/2025\/08\/banner3.jpg 1081w\" sizes=\"(max-width: 662px) 100vw, 662px\" \/>\t\t\t\t\t\t\t\t<\/a>\n\t\t\t\t\t\t\t\t\t\t\t\t\t\t\t<\/div>\n\t\t\t\t<div class=\"elementor-element elementor-element-412eccb elementor-hidden-tablet elementor-hidden-mobile elementor-hidden-desktop elementor-widget elementor-widget-image\" data-id=\"412eccb\" data-element_type=\"widget\" data-widget_type=\"image.default\">\n\t\t\t\t\t\t\t\t\t\t\t\t\t\t\t\t<a href=\"#elementor-action%3Aaction%3Dpopup%3Aopen%26settings%3DeyJpZCI6IjU2MjAiLCJ0b2dnbGUiOmZhbHNlfQ%3D%3D\">\n\t\t\t\t\t\t\t<img decoding=\"async\" width=\"2560\" height=\"962\" src=\"http:\/\/www.homensdebarro.com.br\/wp-content\/uploads\/2025\/08\/banner_site_oficial4-scaled.jpg\" class=\"attachment-full size-full wp-image-5601\" alt=\"\" srcset=\"http:\/\/www.homensdebarro.com.br\/wp-content\/uploads\/2025\/08\/banner_site_oficial4-scaled.jpg 2560w, http:\/\/www.homensdebarro.com.br\/wp-content\/uploads\/2025\/08\/banner_site_oficial4-300x113.jpg 300w, http:\/\/www.homensdebarro.com.br\/wp-content\/uploads\/2025\/08\/banner_site_oficial4-1024x385.jpg 1024w, http:\/\/www.homensdebarro.com.br\/wp-content\/uploads\/2025\/08\/banner_site_oficial4-768x289.jpg 768w, http:\/\/www.homensdebarro.com.br\/wp-content\/uploads\/2025\/08\/banner_site_oficial4-1536x577.jpg 1536w, http:\/\/www.homensdebarro.com.br\/wp-content\/uploads\/2025\/08\/banner_site_oficial4-2048x770.jpg 2048w, http:\/\/www.homensdebarro.com.br\/wp-content\/uploads\/2025\/08\/banner_site_oficial4-1170x440.jpg 1170w, http:\/\/www.homensdebarro.com.br\/wp-content\/uploads\/2025\/08\/banner_site_oficial4-600x225.jpg 600w\" sizes=\"(max-width: 2560px) 100vw, 2560px\" \/>\t\t\t\t\t\t\t\t<\/a>\n\t\t\t\t\t\t\t\t\t\t\t\t\t\t\t<\/div>\n\t\t\t\t<\/div>\r\n\t\t<div class=\"elementor-element elementor-element-a9b34c9 e-con-full elementor-hidden-tablet elementor-hidden-mobile e-flex e-con e-parent \" data-id=\"a9b34c9\" data-element_type=\"container\" data-settings=\"{&quot;background_background&quot;:&quot;classic&quot;}\">\t\t<div class=\"elementor-element elementor-element-7c0d886 elementor-widget elementor-widget-image\" data-id=\"7c0d886\" data-element_type=\"widget\" data-widget_type=\"image.default\">\n\t\t\t\t\t\t\t\t\t\t\t\t\t\t\t<img decoding=\"async\" src=\"https:\/\/www.homensdebarro.com.br\/wp-content\/uploads\/2025\/08\/vv-scaled.jpg\" title=\"vv\" alt=\"vv\" loading=\"lazy\" \/>\t\t\t\t\t\t\t\t\t\t\t\t\t\t\t<\/div>\n\t\t\t\t<div class=\"elementor-element elementor-element-941101d elementor-widget elementor-widget-image\" data-id=\"941101d\" data-element_type=\"widget\" data-widget_type=\"image.default\">\n\t\t\t\t\t\t\t\t\t\t\t\t\t\t\t\t<a href=\"https:\/\/www.homensdebarro.com.br\/?page_id=548\">\n\t\t\t\t\t\t\t<img decoding=\"async\" width=\"1024\" height=\"172\" src=\"https:\/\/www.homensdebarro.com.br\/wp-content\/uploads\/2025\/08\/saiba_mais-1024x172.png\" class=\"attachment-large size-large wp-image-6092\" alt=\"\" srcset=\"https:\/\/www.homensdebarro.com.br\/wp-content\/uploads\/2025\/08\/saiba_mais-1024x172.png 1024w, https:\/\/www.homensdebarro.com.br\/wp-content\/uploads\/2025\/08\/saiba_mais-300x50.png 300w, https:\/\/www.homensdebarro.com.br\/wp-content\/uploads\/2025\/08\/saiba_mais-768x129.png 768w, https:\/\/www.homensdebarro.com.br\/wp-content\/uploads\/2025\/08\/saiba_mais-1536x257.png 1536w, https:\/\/www.homensdebarro.com.br\/wp-content\/uploads\/2025\/08\/saiba_mais-1170x196.png 1170w, https:\/\/www.homensdebarro.com.br\/wp-content\/uploads\/2025\/08\/saiba_mais.png 1910w\" sizes=\"(max-width: 1024px) 100vw, 1024px\" \/>\t\t\t\t\t\t\t\t<\/a>\n\t\t\t\t\t\t\t\t\t\t\t\t\t\t\t<\/div>\n\t\t\t\t<\/div>\r\n\t\t<div class=\"elementor-element elementor-element-13c88b5 e-flex e-con-boxed e-con e-parent \" data-id=\"13c88b5\" data-element_type=\"container\" data-settings=\"{&quot;background_background&quot;:&quot;classic&quot;}\">\t\t\t<div class=\"e-con-inner\">\r\n\t\t<div class=\"elementor-element elementor-element-e7b9201 e-con-full e-flex e-con e-child \" data-id=\"e7b9201\" data-element_type=\"container\">\t\t<div class=\"elementor-element elementor-element-a1b5bff elementor-widget elementor-widget-heading\" data-id=\"a1b5bff\" data-element_type=\"widget\" data-widget_type=\"heading.default\">\n\t\t\t\t\t<h2 class=\"elementor-heading-title elementor-size-default\">Instagram<\/h2>\t\t\t\t<\/div>\n\t\t\t\t<div class=\"elementor-element elementor-element-60af011 elementor-shape-rounded elementor-grid-0 e-grid-align-center elementor-widget elementor-widget-social-icons\" data-id=\"60af011\" data-element_type=\"widget\" data-widget_type=\"social-icons.default\">\n\t\t\t\t\t\t\t<div class=\"elementor-social-icons-wrapper elementor-grid\">\n\t\t\t\t\t\t\t<span class=\"elementor-grid-item\">\n\t\t\t\t\t<a class=\"elementor-icon elementor-social-icon elementor-social-icon-instagram elementor-repeater-item-45eb50c\" href=\"https:\/\/www.instagram.com\/homensdebarro\/\" target=\"_blank\">\n\t\t\t\t\t\t<span class=\"elementor-screen-only\">Instagram<\/span>\n\t\t\t\t\t\t<i class=\"fab fa-instagram\"><\/i>\t\t\t\t\t<\/a>\n\t\t\t\t<\/span>\n\t\t\t\t\t<\/div>\n\t\t\t\t\t\t<\/div>\n\t\t\t\t<\/div>\r\n\t\t\t\t\t<\/div>\r\n\t\t\t\t<\/div>\r\n\t\t<div class=\"elementor-element elementor-element-8cd7b51 e-flex e-con-boxed e-con e-parent \" data-id=\"8cd7b51\" data-element_type=\"container\" data-settings=\"{&quot;background_background&quot;:&quot;classic&quot;}\">\t\t\t<div class=\"e-con-inner\">\r\n\t\t<div class=\"elementor-element elementor-element-f0fd6b1 e-con-full e-flex e-con e-child \" data-id=\"f0fd6b1\" data-element_type=\"container\">\t\t<div class=\"elementor-element elementor-element-1afd922 elementor-widget-mobile__width-inherit elementor-absolute elementor-arrows-position-inside elementor-pagination-position-outside elementor-widget elementor-widget-image-carousel\" data-id=\"1afd922\" data-element_type=\"widget\" data-settings=\"{&quot;_position&quot;:&quot;absolute&quot;,&quot;navigation&quot;:&quot;both&quot;,&quot;autoplay&quot;:&quot;yes&quot;,&quot;pause_on_hover&quot;:&quot;yes&quot;,&quot;pause_on_interaction&quot;:&quot;yes&quot;,&quot;autoplay_speed&quot;:5000,&quot;infinite&quot;:&quot;yes&quot;,&quot;speed&quot;:500}\" data-widget_type=\"image-carousel.default\">\n\t\t\t\t\t\t\t<div class=\"elementor-image-carousel-wrapper swiper\" role=\"region\" aria-roledescription=\"carousel\" aria-label=\"Carrossel de imagens\" dir=\"ltr\">\n\t\t\t<div class=\"elementor-image-carousel swiper-wrapper\" aria-live=\"off\">\n\t\t\t\t\t\t\t\t<div class=\"swiper-slide\" role=\"group\" aria-roledescription=\"slide\" aria-label=\"1 de 6\"><figure class=\"swiper-slide-inner\"><img decoding=\"async\" class=\"swiper-slide-image\" src=\"https:\/\/www.homensdebarro.com.br\/wp-content\/uploads\/2025\/09\/1.jpg\" alt=\"1\" \/><\/figure><\/div><div class=\"swiper-slide\" role=\"group\" aria-roledescription=\"slide\" aria-label=\"2 de 6\"><figure class=\"swiper-slide-inner\"><img decoding=\"async\" class=\"swiper-slide-image\" src=\"https:\/\/www.homensdebarro.com.br\/wp-content\/uploads\/2025\/09\/2.jpg\" alt=\"2\" \/><\/figure><\/div><div class=\"swiper-slide\" role=\"group\" aria-roledescription=\"slide\" aria-label=\"3 de 6\"><figure class=\"swiper-slide-inner\"><img decoding=\"async\" class=\"swiper-slide-image\" src=\"https:\/\/www.homensdebarro.com.br\/wp-content\/uploads\/2025\/09\/3.jpg\" alt=\"3\" \/><\/figure><\/div><div class=\"swiper-slide\" role=\"group\" aria-roledescription=\"slide\" aria-label=\"4 de 6\"><figure class=\"swiper-slide-inner\"><img decoding=\"async\" class=\"swiper-slide-image\" src=\"https:\/\/www.homensdebarro.com.br\/wp-content\/uploads\/2025\/09\/4.jpg\" alt=\"4\" \/><\/figure><\/div><div class=\"swiper-slide\" role=\"group\" aria-roledescription=\"slide\" aria-label=\"5 de 6\"><figure class=\"swiper-slide-inner\"><img decoding=\"async\" class=\"swiper-slide-image\" src=\"https:\/\/www.homensdebarro.com.br\/wp-content\/uploads\/2025\/09\/5.jpg\" alt=\"5\" \/><\/figure><\/div><div class=\"swiper-slide\" role=\"group\" aria-roledescription=\"slide\" aria-label=\"6 de 6\"><figure class=\"swiper-slide-inner\"><img decoding=\"async\" class=\"swiper-slide-image\" src=\"https:\/\/www.homensdebarro.com.br\/wp-content\/uploads\/2025\/09\/6.jpg\" alt=\"6\" \/><\/figure><\/div>\t\t\t<\/div>\n\t\t\t\t\t\t\t\t\t\t\t\t<div class=\"elementor-swiper-button elementor-swiper-button-prev\" role=\"button\" tabindex=\"0\">\n\t\t\t\t\t\t<i aria-hidden=\"true\" class=\"eicon-chevron-left\"><\/i>\t\t\t\t\t<\/div>\n\t\t\t\t\t<div class=\"elementor-swiper-button elementor-swiper-button-next\" role=\"button\" tabindex=\"0\">\n\t\t\t\t\t\t<i aria-hidden=\"true\" class=\"eicon-chevron-right\"><\/i>\t\t\t\t\t<\/div>\n\t\t\t\t\n\t\t\t\t\t\t\t\t\t<div class=\"swiper-pagination\"><\/div>\n\t\t\t\t\t\t\t\t\t<\/div>\n\t\t\t\t\t\t<\/div>\n\t\t\t\t<\/div>\r\n\t\t<div class=\"elementor-element elementor-element-6ae2ab0 e-con-full e-flex e-con e-child \" data-id=\"6ae2ab0\" data-element_type=\"container\">\t\t<div class=\"elementor-element elementor-element-dc4a54e elementor-widget elementor-widget-heading\" data-id=\"dc4a54e\" data-element_type=\"widget\" data-widget_type=\"heading.default\">\n\t\t\t\t\t<h2 class=\"elementor-heading-title elementor-size-default\">Instituto Homens de Barro<\/h2>\t\t\t\t<\/div>\n\t\t\t\t<div class=\"elementor-element elementor-element-8ef4cd2 elementor-widget elementor-widget-text-editor\" data-id=\"8ef4cd2\" data-element_type=\"widget\" data-widget_type=\"text-editor.default\">\n\t\t\t\t\t\t\t\t\tO Instituto Homens de Barro \u00e9 o realizador do Festival Homens de Barro. Criado por Selma Calheira, artista pl\u00e1stica e arte educadora, e um grupo de empres\u00e1rios, profissionais de cultura, e artistas de Ibirataia e regi\u00e3o, para fortalecer a cultura e a economia criativa, promovendo capacita\u00e7\u00e3o, oportunidades de neg\u00f3cio e valoriza\u00e7\u00e3o do empreendedorismo local.\n\nO trabalho do Instituto abrange produ\u00e7\u00e3o ceramista, forma\u00e7\u00e3o e profissionaliza\u00e7\u00e3o, produ\u00e7\u00e3o de eventos multidisciplinares e ainda, gest\u00e3o e preserva\u00e7\u00e3o das mega esculturas Homens de Barro.\n\nAl\u00e9m de realizar festivais culturais, o Instituto atua diretamente no desenvolvimento de novos neg\u00f3cios criativos, estimulando a produ\u00e7\u00e3o artesanal, o design local e o fortalecimento de micro e pequenos empreendedores.\n\nO Instituto tamb\u00e9m \u00e9 respons\u00e1vel pelo projeto da constru\u00e7\u00e3o da Cidade dos Homens de Barro, um museu a c\u00e9u aberto, que j\u00e1 est\u00e1 sendo viabilizado.\t\t\t\t\t\t\t\t<\/div>\n\t\t\t\t<\/div>\r\n\t\t\t\t\t<\/div>\r\n\t\t\t\t<\/div>\r\n\t\t<div class=\"elementor-element elementor-element-1b74cfa e-flex e-con-boxed e-con e-parent \" data-id=\"1b74cfa\" data-element_type=\"container\" data-settings=\"{&quot;background_background&quot;:&quot;classic&quot;}\">\t\t\t<div class=\"e-con-inner\">\r\n\t\t<div class=\"elementor-element elementor-element-7ab7885 e-con-full e-flex e-con e-child \" data-id=\"7ab7885\" data-element_type=\"container\">\t\t<div class=\"elementor-element elementor-element-e3c92d0 elementor-widget elementor-widget-image\" data-id=\"e3c92d0\" data-element_type=\"widget\" data-widget_type=\"image.default\">\n\t\t\t\t\t\t\t\t\t\t\t\t\t\t\t<img loading=\"lazy\" decoding=\"async\" width=\"768\" height=\"1092\" src=\"https:\/\/www.homensdebarro.com.br\/wp-content\/uploads\/2025\/08\/selma-768x1092.jpg\" class=\"attachment-medium_large size-medium_large wp-image-5988\" alt=\"\" srcset=\"https:\/\/www.homensdebarro.com.br\/wp-content\/uploads\/2025\/08\/selma-768x1092.jpg 768w, https:\/\/www.homensdebarro.com.br\/wp-content\/uploads\/2025\/08\/selma-211x300.jpg 211w, https:\/\/www.homensdebarro.com.br\/wp-content\/uploads\/2025\/08\/selma-720x1024.jpg 720w, https:\/\/www.homensdebarro.com.br\/wp-content\/uploads\/2025\/08\/selma-1080x1536.jpg 1080w, https:\/\/www.homensdebarro.com.br\/wp-content\/uploads\/2025\/08\/selma-1440x2048.jpg 1440w, https:\/\/www.homensdebarro.com.br\/wp-content\/uploads\/2025\/08\/selma-499x710.jpg 499w, https:\/\/www.homensdebarro.com.br\/wp-content\/uploads\/2025\/08\/selma-600x853.jpg 600w, https:\/\/www.homensdebarro.com.br\/wp-content\/uploads\/2025\/08\/selma-scaled.jpg 1800w\" sizes=\"(max-width: 768px) 100vw, 768px\" \/>\t\t\t\t\t\t\t\t\t\t\t\t\t\t\t<\/div>\n\t\t\t\t<\/div>\r\n\t\t<div class=\"elementor-element elementor-element-a88a686 e-con-full e-flex e-con e-child \" data-id=\"a88a686\" data-element_type=\"container\">\t\t<div class=\"elementor-element elementor-element-ef8f4d4 elementor-widget elementor-widget-heading\" data-id=\"ef8f4d4\" data-element_type=\"widget\" data-widget_type=\"heading.default\">\n\t\t\t\t\t<h2 class=\"elementor-heading-title elementor-size-default\">Quem \u00e9 Selma Calheira<\/h2>\t\t\t\t<\/div>\n\t\t\t\t<div class=\"elementor-element elementor-element-b47ea7e elementor-widget elementor-widget-text-editor\" data-id=\"b47ea7e\" data-element_type=\"widget\" data-widget_type=\"text-editor.default\">\n\t\t\t\t\t\t\t\t\tNatural de Ibirataia, Selma retornou \u00e0 sua cidade natal em 1989 ap\u00f3s estudar design, trazendo consigo um olhar apurado para a arte, a natureza e as ra\u00edzes culturais da regi\u00e3o. \nEla encontrou na argila, no ferro e nas fibras naturais a mat\u00e9ria-prima para expressar sonhos, mem\u00f3rias e sentimentos. Fundou, ao lado do designer austr\u00edaco Franz Rzehak, a Cores da Terra, marca reconhecida nacional e internacionalmente pela produ\u00e7\u00e3o de pe\u00e7as que unem beleza, sustentabilidade e identidade. \n<p>\n<p>\nDas m\u00e3os de Selma Calheira nasceram os Homens de Barro \u2013 esculturas monumentais que se tornaram s\u00edmbolo de identidade cultural e turismo criativo no sul da Bahia. Ao longo dos anos, Selma transformou sua arte em um movimento, com o Festival Homens de Barro, que hoje integra o calend\u00e1rio oficial de eventos de Ibirataia e re\u00fane milhares de visitantes do Brasil e do mundo para celebrar a cer\u00e2mica, m\u00fasica, gastronomia e saberes tradicionais. \n<p>\n<p>\nSua vis\u00e3o se expande agora para o Museu a C\u00e9u Aberto \u2013 Cidade dos Homens de Barro, projeto que pretende transformar Ibirataia em um polo cultural e tur\u00edstico internacional, integrando arte, educa\u00e7\u00e3o, sustentabilidade e desenvolvimento regional. Selma Calheira \u00e9, acima de tudo, uma contadora de hist\u00f3rias em barro. Suas esculturas carregam a for\u00e7a da terra e a alma de um povo, eternizando, no calor do fogo e na delicadeza do gesto, a ess\u00eancia do homem do campo e da cultura baiana.\t\t\t\t\t\t\t\t<\/div>\n\t\t\t\t<\/div>\r\n\t\t\t\t\t<\/div>\r\n\t\t\t\t<\/div>\r\n\t\t<div class=\"elementor-element elementor-element-af1eb3f e-con-full e-flex e-con e-parent \" data-id=\"af1eb3f\" data-element_type=\"container\" data-settings=\"{&quot;background_background&quot;:&quot;classic&quot;}\">\t\t<div class=\"elementor-element elementor-element-886696d elementor-widget elementor-widget-heading\" data-id=\"886696d\" data-element_type=\"widget\" data-widget_type=\"heading.default\">\n\t\t\t\t\t<h2 class=\"elementor-heading-title elementor-size-default\">Como Chegar<\/h2>\t\t\t\t<\/div>\n\t\t\t\t<div class=\"elementor-element elementor-element-01ec018 elementor-widget elementor-widget-google_maps\" data-id=\"01ec018\" data-element_type=\"widget\" data-widget_type=\"google_maps.default\">\n\t\t\t\t\t\t\t<div class=\"elementor-custom-embed\">\n\t\t\t<iframe loading=\"lazy\"\n\t\t\t\t\tsrc=\"https:\/\/maps.google.com\/maps?q=CORES%20DA%20TERRA&#038;t=m&#038;z=16&#038;output=embed&#038;iwloc=near\"\n\t\t\t\t\ttitle=\"CORES DA TERRA\"\n\t\t\t\t\taria-label=\"CORES DA TERRA\"\n\t\t\t><\/iframe>\n\t\t<\/div>\n\t\t\t\t\t\t<\/div>\n\t\t\t\t<\/div>\r\n\t\t<div class=\"elementor-element elementor-element-82f4b51 e-con-full e-flex e-con e-parent \" data-id=\"82f4b51\" data-element_type=\"container\">\t\t<\/div>\r\n\t\t\t\t<\/div>\n\t\t","protected":false},"excerpt":{"rendered":"<p>Instagram Instagram Instituto Homens de Barro O Instituto Homens de Barro \u00e9 o realizador do Festival Homens de Barro. Criado por Selma Calheira, artista pl\u00e1stica e arte educadora, e um grupo de empres\u00e1rios, profissionais de cultura, e artistas de Ibirataia e regi\u00e3o, para fortalecer a cultura e a economia criativa, promovendo capacita\u00e7\u00e3o, oportunidades de neg\u00f3cio [&hellip;]<\/p>\n","protected":false},"author":1,"featured_media":0,"parent":0,"menu_order":0,"comment_status":"closed","ping_status":"closed","template":"","meta":{"tpgb_global_settings":"","footnotes":""},"class_list":["post-5985","page","type-page","status-publish","hentry"],"tpgb_featured_images":null,"tpgb_post_meta_info":{"get_date":"agosto 23, 2025","get_modified_date":"setembro 15, 2025","author_name":"admin","author_url":"http:\/\/www.homensdebarro.com.br\/?author=1","author_email":"felipecruzti@gmail.com","author_website":"http:\/\/www.homensdebarro.com.br","author_description":"","author_facebook":"","author_twitter":"","author_instagram":"","author_role":["administrator"],"author_firstname":"","author_lastname":"","user_login":"admin","author_avatar":"<img alt='' src='https:\/\/secure.gravatar.com\/avatar\/6492b9decc4228e352a3af1d2e98e938?s=200&#038;d=mm&#038;r=g' srcset='https:\/\/secure.gravatar.com\/avatar\/6492b9decc4228e352a3af1d2e98e938?s=400&#038;d=mm&#038;r=g 2x' class='avatar avatar-200 photo' height='200' width='200' decoding='async'\/>","author_avatar_url":"https:\/\/secure.gravatar.com\/avatar\/6492b9decc4228e352a3af1d2e98e938?s=96&d=mm&r=g","comment_count":0,"post_likes":0,"post_views":0},"tpgb_post_category":[],"_links":{"self":[{"href":"http:\/\/www.homensdebarro.com.br\/index.php?rest_route=\/wp\/v2\/pages\/5985","targetHints":{"allow":["GET"]}}],"collection":[{"href":"http:\/\/www.homensdebarro.com.br\/index.php?rest_route=\/wp\/v2\/pages"}],"about":[{"href":"http:\/\/www.homensdebarro.com.br\/index.php?rest_route=\/wp\/v2\/types\/page"}],"author":[{"embeddable":true,"href":"http:\/\/www.homensdebarro.com.br\/index.php?rest_route=\/wp\/v2\/users\/1"}],"replies":[{"embeddable":true,"href":"http:\/\/www.homensdebarro.com.br\/index.php?rest_route=%2Fwp%2Fv2%2Fcomments&post=5985"}],"version-history":[{"count":184,"href":"http:\/\/www.homensdebarro.com.br\/index.php?rest_route=\/wp\/v2\/pages\/5985\/revisions"}],"predecessor-version":[{"id":6297,"href":"http:\/\/www.homensdebarro.com.br\/index.php?rest_route=\/wp\/v2\/pages\/5985\/revisions\/6297"}],"wp:attachment":[{"href":"http:\/\/www.homensdebarro.com.br\/index.php?rest_route=%2Fwp%2Fv2%2Fmedia&parent=5985"}],"curies":[{"name":"wp","href":"https:\/\/api.w.org\/{rel}","templated":true}]}}